{"id":1814,"date":"2025-11-16T17:09:53","date_gmt":"2025-11-16T16:09:53","guid":{"rendered":"https:\/\/circellll.com\/aviso-legal\/"},"modified":"2025-11-17T14:34:48","modified_gmt":"2025-11-17T13:34:48","slug":"aviso-legal","status":"publish","type":"page","link":"https:\/\/circellll.com\/es\/aviso-legal\/","title":{"rendered":"Aviso legal"},"content":{"rendered":"\n<p>Jordi Mateu Morat\u00f3, responsable del sitio web, en adelante EL RESPONSABLE, pone a disposici\u00f3n de los usuarios el presente documento, con el que pretende dar cumplimiento a las obligaciones dispuestas en la Ley 34\/2002, de 11 de julio, de Servicios de la Sociedad de la Informaci\u00f3n y de Comercio Electr\u00f3nico (LSSICE), BOE n\u00fam. 166, as\u00ed como informar a todos los usuarios del sitio web respecto a cu\u00e1les son las condiciones de uso. <\/p>\n\n<p>Toda persona que acceda a este sitio web asume el papel de usuario, comprometi\u00e9ndose a la observancia y riguroso cumplimiento de las disposiciones aqu\u00ed establecidas, as\u00ed como de cualquier otra disposici\u00f3n legal que fuera de aplicaci\u00f3n.<\/p>\n\n<p>Jordi Mateu Morat\u00f3 se reserva el derecho de modificar cualquier tipo de informaci\u00f3n que pudiera aparecer en el sitio web, sin que exista obligaci\u00f3n de preavisar o poner en conocimiento de los usuarios estas modificaciones, entendi\u00e9ndose como suficiente la publicaci\u00f3n en el sitio web de Jordi Mateu Morat\u00f3.<\/p>\n\n<h3 class=\"wp-block-heading\"><strong>1. DATOS IDENTIFICATIVOS<\/strong><\/h3>\n\n<p>Nombre de dominio: circellll.com<br\/>Nombre y apellidos: Jordi Mateu Morat\u00f3<br\/>NIF: 47748217X<br\/>Domicilio profesional: C\/ La Palma, 5, 08730 Santa Margarida y los Monjes (Barcelona)<br\/>correo: hola@circellll.com<\/p>\n\n<hr class=\"wp-block-separator has-alpha-channel-opacity\"\/>\n\n<p>El sitio web, incluyendo a t\u00edtulo enunciativo pero no limitativo su programaci\u00f3n, edici\u00f3n, compilaci\u00f3n y otros elementos necesarios para su funcionamiento, los dise\u00f1os, logotipos, textos y\/o gr\u00e1ficos, son propiedad del <strong>RESPONSABLE<\/strong> o, en su caso, dispone de licencia o autorizaci\u00f3n expresa por parte de los autores.<br\/>Todos los contenidos del sitio web se encuentran debidamente protegidos por la normativa de propiedad intelectual e industrial, as\u00ed como inscritos en los registros p\u00fablicos correspondientes.<\/p>\n\n<p>Independientemente de la finalidad para la que fuesen destinados, la reproducci\u00f3n total o parcial, uso, explotaci\u00f3n, distribuci\u00f3n y comercializaci\u00f3n requiere en todo caso la autorizaci\u00f3n escrita previa por parte del <strong>RESPONSABLE<\/strong>. Cualquier uso no autorizado previamente se considerar\u00e1 un incumplimiento grave de los derechos de propiedad intelectual o industrial del autor. <\/p>\n\n<p>Los dise\u00f1os, logotipos, textos y\/o gr\u00e1ficos ajenos al <strong>RESPONSABLE<\/strong> y que pudieran aparecer en el sitio web, pertenecen a sus respectivos propietarios, siendo ellos mismos responsables de cualquier posible controversia que pudiera suscitarse respecto a los mismos.<br\/>El <strong>RESPONSABLE<\/strong> autoriza expresamente a que terceros puedan redirigir directamente a contenidos concretos del sitio web, y en todo caso redirigir al sitio web principal de https:\/\/circellll.com\/.<\/p>\n\n<p>El <strong>RESPONSABLE<\/strong> reconoce a favor de sus titulares los correspondientes derechos de propiedad intelectual e industrial, no implicando su sola menci\u00f3n o aparici\u00f3n en el sitio web la existencia de derechos o responsabilidad alguna sobre los mismos, as\u00ed como soporte, patrocinio o recomendaci\u00f3n por parte del mismo.<br\/>Para realizar cualquier tipo de observaci\u00f3n respecto a posibles incumplimientos de los derechos de propiedad intelectual o industrial, as\u00ed como sobre cualquiera de los contenidos del sitio web, puede realizarlo a trav\u00e9s del correo electr\u00f3nico indicado anteriormente.<\/p>\n\n<h3 class=\"wp-block-heading\"><strong>3. EXENCI\u00d3N DE RESPONSABILIDADES<\/strong><\/h3>\n\n<p>El <strong>RESPONSABLE<\/strong> se exime de cualquier tipo de responsabilidad derivada de la informaci\u00f3n publicada en su sitio web siempre que no tenga conocimiento efectivo de que dicha informaci\u00f3n haya sido manipulada o introducida por un tercero ajeno al mismo o, si tiene conocimiento, haya actuado con diligencia para retirar los datos o hacer imposible el acceso a los mismos.<\/p>\n\n<h4 class=\"wp-block-heading\">Uso de cookies<\/h4>\n\n<p>Este sitio web puede utilizar cookies t\u00e9cnicas (peque\u00f1os archivos de informaci\u00f3n que el servidor env\u00eda al ordenador de quien accede a la p\u00e1gina) para llevar a cabo determinadas funciones que son consideradas imprescindibles para el correcto funcionamiento y visualizaci\u00f3n del sitio.<br\/>Las cookies utilizadas tienen, en cualquier caso, car\u00e1cter temporal, con la \u00fanica finalidad de hacer m\u00e1s eficaz la navegaci\u00f3n, y desaparecen al finalizar la sesi\u00f3n del usuario.<br\/>En ning\u00fan caso estas cookies proporcionan por s\u00ed mismas datos de car\u00e1cter personal y no se utilizar\u00e1n para su recogida.<\/p>\n\n<p>Mediante el uso de cookies tambi\u00e9n es posible que el servidor en el que se encuentra la web reconozca el navegador utilizado por el usuario con el fin de que la navegaci\u00f3n sea m\u00e1s sencilla, permitiendo, por ejemplo, el acceso de los usuarios que se hayan registrado previamente a \u00e1reas o servicios reservados sin tener que registrarse en cada visita.<br\/>Tambi\u00e9n se pueden utilizar para medir la audiencia, par\u00e1metros de tr\u00e1fico o controlar el progreso y n\u00famero de entradas, siendo en estos casos cookies prescindibles t\u00e9cnicamente pero beneficiosas para el usuario.<br\/>Este sitio web no instalar\u00e1 cookies prescindibles sin el previo consentimiento del usuario.<\/p>\n\n<p>Este sitio web utiliza cookies propias y de terceros para fines anal\u00edticos y mostrar publicidad personalizada basada en un perfil elaborado a partir de sus h\u00e1bitos de navegaci\u00f3n (por ejemplo, p\u00e1ginas visitadas).<br\/>A todo usuario que visite el sitio web se le informa del uso de estas cookies mediante un banner flotante. En caso de aceptar su uso, el banner desaparecer\u00e1, aunque en cualquier momento podr\u00e1 revocar su consentimiento y obtener m\u00e1s informaci\u00f3n consultando nuestra <strong>Pol\u00edtica de cookies<\/strong>.<br\/>El usuario puede configurar su navegador para ser avisado de la recepci\u00f3n de cookies y para impedir su instalaci\u00f3n. Por favor, consulte las instrucciones de su navegador para ampliar esta informaci\u00f3n.  <\/p>\n\n<h4 class=\"wp-block-heading\">Pol\u00edtica de enlaces<\/h4>\n\n<p>Desde el sitio web, es posible que se redirija a contenidos de terceros sitios web.<br\/>Dado que el <strong>RESPONSABLE<\/strong> no puede controlar siempre los contenidos introducidos por terceros en sus respectivos sitios web, no asume ning\u00fan tipo de responsabilidad con respecto a estos contenidos.<br\/>En todo caso, proceder\u00e1 a la retirada inmediata de cualquier contenido que pueda contravenir la legislaci\u00f3n nacional o internacional, la moral o el orden p\u00fablico, retirando la redirecci\u00f3n y poni\u00e9ndolo en conocimiento de las autoridades competentes.<\/p>\n\n<p>El <strong>RESPONSABLE<\/strong> no se hace responsable de la informaci\u00f3n y contenidos almacenados, a t\u00edtulo enunciativo pero no limitativo, en foros, chats, generadores de blogs, comentarios, redes sociales o cualquier otro medio que permita a terceros publicar contenidos de forma independiente en el sitio web del <strong>RESPONSABLE<\/strong>.<br\/>Sin embargo, y en cumplimiento de lo dispuesto en los art\u00edculos 11 y 16 de la LSSICE, se pone a disposici\u00f3n de todos los usuarios, autoridades y fuerzas de seguridad, colaborando activamente en la retirada o, en su caso, bloqueo de todos aquellos contenidos que puedan afectar o contravenir a la legislaci\u00f3n, los derechos de terceros o la moral y el orden p\u00fablico.<br\/>En caso de que el usuario considere que existe en el sitio web alg\u00fan contenido que pueda ser susceptible de esta clasificaci\u00f3n, se ruega que lo notifique inmediatamente al administrador del sitio web.<\/p>\n\n<p>Este sitio web ha sido revisado y probado para su correcto funcionamiento. En principio, puede garantizarse su correcto funcionamiento 365 d\u00edas al a\u00f1o, 24 horas al d\u00eda.<br\/>Sin embargo, el <strong>RESPONSABLE<\/strong> no descarta la posibilidad de que existan errores de programaci\u00f3n, o que se produzcan causas de fuerza mayor, cat\u00e1strofes naturales, huelgas o circunstancias similares que hagan imposible el acceso temporal al sitio web. <\/p>\n\n<h4 class=\"wp-block-heading\">Direcciones IP<\/h4>\n\n<p>Los servidores del sitio web pueden detectar autom\u00e1ticamente la direcci\u00f3n IP y el nombre de dominio utilizados por el usuario.<br\/>Una direcci\u00f3n IP es un n\u00famero asignado autom\u00e1ticamente a un equipo cuando se conecta a Internet.<br\/>Toda esta informaci\u00f3n se registra en un archivo de actividad del servidor, debidamente inscrito, que permite el posterior procesamiento de los datos con el fin de obtener mediciones exclusivamente estad\u00edsticas como el n\u00famero de impresiones de p\u00e1ginas, visitas, orden de visitas, puntos de acceso, etc.<\/p>\n\n<h3 class=\"wp-block-heading\"><strong>4. LEY APLICABLE Y JURISDICCI\u00d3N<\/strong><\/h3>\n\n<p>Para la resoluci\u00f3n de todas las controversias o cuestiones relacionadas con este sitio web o de las actividades que se desarrollen, ser\u00e1 de aplicaci\u00f3n la legislaci\u00f3n espa\u00f1ola, a la que se someten expresamente las partes, siendo competentes para la resoluci\u00f3n de todos los conflictos derivados o relacionados con su uso los <strong>Juzgados y Tribunales del domicilio del usuario<\/strong> o del lugar de cumplimiento de los mismos.<\/p>\n","protected":false},"excerpt":{"rendered":"<p>Jordi Mateu Morat\u00f3, responsable del sitio web, en adelante EL RESPONSABLE, pone a disposici\u00f3n de los usuarios el presente documento, con el que pretende dar cumplimiento a las obligaciones dispuestas en la Ley 34\/2002, de 11 de julio, de Servicios de la Sociedad de la Informaci\u00f3n y de Comercio Electr\u00f3nico (LSSICE), BOE n\u00fam. 166, as\u00ed [&hellip;]<\/p>\n","protected":false},"author":1,"featured_media":0,"parent":0,"menu_order":0,"comment_status":"closed","ping_status":"closed","template":"","meta":{"_et_pb_use_builder":"off","_et_pb_old_content":"","_et_gb_content_width":"","footnotes":""},"class_list":["post-1814","page","type-page","status-publish","hentry"],"_links":{"self":[{"href":"https:\/\/circellll.com\/es\/wp-json\/wp\/v2\/pages\/1814","targetHints":{"allow":["GET"]}}],"collection":[{"href":"https:\/\/circellll.com\/es\/wp-json\/wp\/v2\/pages"}],"about":[{"href":"https:\/\/circellll.com\/es\/wp-json\/wp\/v2\/types\/page"}],"author":[{"embeddable":true,"href":"https:\/\/circellll.com\/es\/wp-json\/wp\/v2\/users\/1"}],"replies":[{"embeddable":true,"href":"https:\/\/circellll.com\/es\/wp-json\/wp\/v2\/comments?post=1814"}],"version-history":[{"count":1,"href":"https:\/\/circellll.com\/es\/wp-json\/wp\/v2\/pages\/1814\/revisions"}],"predecessor-version":[{"id":1815,"href":"https:\/\/circellll.com\/es\/wp-json\/wp\/v2\/pages\/1814\/revisions\/1815"}],"wp:attachment":[{"href":"https:\/\/circellll.com\/es\/wp-json\/wp\/v2\/media?parent=1814"}],"curies":[{"name":"wp","href":"https:\/\/api.w.org\/{rel}","templated":true}]}}