{"id":1816,"date":"2025-09-16T19:25:50","date_gmt":"2025-09-16T17:25:50","guid":{"rendered":"https:\/\/circellll.com\/politica-de-privacidad\/"},"modified":"2025-11-17T14:49:09","modified_gmt":"2025-11-17T13:49:09","slug":"politica-de-privacidad","status":"publish","type":"page","link":"https:\/\/circellll.com\/es\/politica-de-privacidad\/","title":{"rendered":"Pol\u00edtica de privacidad"},"content":{"rendered":"\n<h3 class=\"wp-block-heading\"><strong>1. INFORMACI\u00d3N AL USUARIO<\/strong><\/h3>\n\n<p><strong>\u00bfQui\u00e9n es el responsable del tratamiento de tus datos personales?<\/strong><br\/><strong>Jordi Mateu Morat\u00f3 <\/strong>es el <strong>RESPONSABLE<\/strong> del tratamiento de los datos personales del <strong>USUARIO<\/strong>, e informa que estos datos ser\u00e1n tratados de conformidad con lo dispuesto en el <strong>Reglamento (UE) 2016\/679<\/strong>, de 27 de abril (<strong>GDPR<\/strong>), y en la <strong>Ley Org\u00e1nica 3\/2018<\/strong>, de 5 de diciembre (<strong>LOPDGDD<\/strong>).<\/p>\n\n<p><strong>\u00bfPara qu\u00e9 tratamos tus datos personales y por qu\u00e9 lo hacemos?<\/strong><br\/>Seg\u00fan el formulario en el que se hayan obtenido tus datos personales, \u00e9stos se tratar\u00e1n de forma confidencial con las siguientes finalidades:<\/p>\n\n<h4 class=\"wp-block-heading\"><strong>En el formulario de contacto<\/strong><\/h4>\n\n<ul class=\"wp-block-list\">\n<li>Dar respuesta a las consultas o cualquier tipo de petici\u00f3n que sea realizada por el usuario a trav\u00e9s de cualquiera de los medios de contacto que se ponen a su disposici\u00f3n en el sitio web del responsable.<br\/><em>(Basado en el inter\u00e9s leg\u00edtimo del responsable, art. 6.1.f GDPR)<\/em><\/li>\n\n\n\n<li>Enviar comunicaciones comerciales o publicitarias por correo electr\u00f3nico, redes sociales o cualquier otro medio electr\u00f3nico o f\u00edsico, presente o futuro, que permita la comunicaci\u00f3n comercial.<br\/>Estas comunicaciones ser\u00e1n realizadas por el responsable y estar\u00e1n relacionadas con sus productos y servicios, o con los de sus colaboradores o proveedores con los que haya establecido acuerdos de promoci\u00f3n.<br\/>En ning\u00fan caso, los terceros tendr\u00e1n acceso a sus datos personales.<br\/><em>(Basado en el consentimiento del interesado, art. 6.1.a GDPR)<\/em><\/li>\n\n\n\n<li>Realizar an\u00e1lisis estad\u00edsticos y estudios de mercado.<br\/><em>(Basado en el inter\u00e9s leg\u00edtimo del responsable, art. 6.1.f GDPR)<\/em><\/li>\n<\/ul>\n\n<h4 class=\"wp-block-heading\"><strong>En el formulario de solicitud de presupuesto<\/strong><\/h4>\n\n<ul class=\"wp-block-list\">\n<li>Enviar presupuestos comerciales sobre productos y servicios.<br\/><em>(Basado en el inter\u00e9s leg\u00edtimo del responsable, art. 6.1.f GDPR)<\/em><\/li>\n\n\n\n<li>Enviar comunicaciones comerciales o publicitarias por correo electr\u00f3nico, redes sociales o cualquier otro medio electr\u00f3nico o f\u00edsico, presente o futuro, que permita la comunicaci\u00f3n comercial.<br\/>Estas comunicaciones ser\u00e1n realizadas por el responsable y estar\u00e1n relacionadas con sus productos y servicios, o con los de sus colaboradores o proveedores con los que haya establecido acuerdos de promoci\u00f3n.<br\/>En ning\u00fan caso, los terceros tendr\u00e1n acceso a sus datos personales.<br\/><em>(Basado en el consentimiento del interesado, art. 6.1.a GDPR)<\/em><\/li>\n<\/ul>\n\n<p><strong>\u00bfDurante cu\u00e1nto tiempo conservaremos tus datos personales?<\/strong><br\/>Los datos se conservar\u00e1n durante no m\u00e1s tiempo del necesario para mantener la finalidad del tratamiento, o mientras existan obligaciones legales que dictaminen su custodia.<br\/>Cuando ya no sean necesarias para estos fines, se eliminar\u00e1n con las medidas de seguridad adecuadas para garantizar su anonimizaci\u00f3n o destrucci\u00f3n total.<\/p>\n\n<p><strong>\u00bfA qui\u00e9n vamos a facilitar los datos personales?<\/strong><br\/>No est\u00e1 prevista ninguna comunicaci\u00f3n de datos personales a terceros, salvo si fuera necesaria para el desarrollo y ejecuci\u00f3n de los fines del tratamiento, oa proveedores de servicios relacionados con comunicaciones y gesti\u00f3n del sitio web, con los que el <strong>RESPONSABLE<\/strong> tenga suscritos los correspondientes contratos de confidencialidad y encargado del tratamiento, de acuerdo con la normativa vigente en materia de privacidad.<\/p>\n\n<p><strong>\u00bfCu\u00e1les son tus derechos?<\/strong><br\/>Los derechos que asisten al <strong>USUARIO<\/strong> son los siguientes:<\/p>\n\n<ul class=\"wp-block-list\">\n<li>Derecho a <strong>retirar su consentimiento<\/strong> en cualquier momento.<\/li>\n\n\n\n<li>Derecho de <strong>acceso, rectificaci\u00f3n, portabilidad y supresi\u00f3n<\/strong> de sus datos, y de <strong>limitaci\u00f3n u oposici\u00f3n<\/strong> a su tratamiento.<\/li>\n\n\n\n<li>Derecho a <strong>presentar reclamaci\u00f3n ante la autoridad de control<\/strong> (<a href=\"http:\/\/www.aepd.es\" target=\"_blank\" rel=\"noopener\">www.aepd.es<\/a>) si considera que el tratamiento no se ajusta a la normativa vigente.<\/li>\n<\/ul>\n\n<p>Datos de contacto para ejercer tus derechos:<br\/>Jordi Mateu Morat\u00f3<br\/>C\/ La Palma, 5<br\/>08730 Santa Margarita i els Monjos (Barcelona)<br\/>Correo electr\u00f3nico: hola@circellll.com<\/p>\n\n<h3 class=\"wp-block-heading\"><strong>2. CAR\u00c1CTER OBLIGATORIO O FACULTATIVO DE LA INFORMACI\u00d3N FACILITADA POR EL USUARIO<\/strong><\/h3>\n\n<p>Los <strong>USUARIOS<\/strong>, mediante la marcaci\u00f3n de las casillas correspondientes y la introducci\u00f3n de datos en los campos marcados con un asterisco (*) en los formularios de contacto o de solicitud, aceptan expresamente y de forma libre e inequ\u00edvoca que sus datos son necesarios para atender su petici\u00f3n por parte del prestamista, siendo voluntaria la inclusi\u00f3n de datos en los campos restantes.<\/p>\n\n<p>El <strong>USUARIO<\/strong> garantiza que los datos personales facilitados al <strong>RESPONSABLE<\/strong> son ver\u00eddicos y se compromete a comunicar cualquier modificaci\u00f3n de los mismos.<\/p>\n\n<p>El <strong>RESPONSABLE<\/strong> informa que todos los datos solicitados a trav\u00e9s del sitio web son <strong>obligatorios<\/strong>, puesto que son necesarios para la prestaci\u00f3n de un servicio \u00f3ptimo al usuario. En caso de no facilitar todos los datos, no se garantiza que la informaci\u00f3n y servicios ofrecidos se ajusten completamente a sus necesidades.<\/p>\n\n<h3 class=\"wp-block-heading\"><strong>3. MEDIDAS DE SEGURIDAD<\/strong><\/h3>\n\n<p>De acuerdo con lo que disponen las normativas vigentes en materia de protecci\u00f3n de datos personales, el <strong>RESPONSABLE<\/strong> est\u00e1 cumpliendo con todas las disposiciones del <strong>GDPR<\/strong> y la <strong>LOPDGDD<\/strong> para el tratamiento de los datos personales bajo su responsabilidad, y especialmente con los principios descritos en el art\u00edculo 5 del GDPR, por los que los datos son tratados de forma l\u00edcita, leal y transparente a lo necesario en relaci\u00f3n con las finalidades para las que son tratadas.<\/p>\n\n<p>El <strong>RESPONSABLE<\/strong> garantiza que ha implementado pol\u00edticas t\u00e9cnicas y organizativas apropiadas para aplicar las medidas de seguridad establecidas por el GDPR y la LOPDGDD, con el fin de proteger los derechos y libertades de los usuarios, facilit\u00e1ndoles la informaci\u00f3n adecuada para que puedan ejercerlos.<\/p>\n\n<p>Para m\u00e1s informaci\u00f3n sobre las garant\u00edas de privacidad, puedes dirigirte al <strong>RESPONSABLE<\/strong> en:<br\/>Jordi Mateu Morat\u00f3<br\/>C\/ La Palma, 5<br\/>08730 Santa Margarita y los Monjes (Barcelona)<br\/>Correo electr\u00f3nico: hola@circellll.com<\/p>\n","protected":false},"excerpt":{"rendered":"<p>1. INFORMACI\u00d3N AL USUARIO \u00bfQui\u00e9n es el responsable del tratamiento de tus datos personales?Jordi Mateu Morat\u00f3 es el RESPONSABLE del tratamiento de los datos personales del USUARIO, e informa que estos datos ser\u00e1n tratados de conformidad con lo dispuesto en el Reglamento (UE) 2016\/679, de 27 de abril (GDPR), y en la Ley Org\u00e1nica 3\/2018, [&hellip;]<\/p>\n","protected":false},"author":1,"featured_media":0,"parent":0,"menu_order":0,"comment_status":"closed","ping_status":"closed","template":"","meta":{"_et_pb_use_builder":"","_et_pb_old_content":"","_et_gb_content_width":"","footnotes":""},"class_list":["post-1816","page","type-page","status-publish","hentry"],"_links":{"self":[{"href":"https:\/\/circellll.com\/es\/wp-json\/wp\/v2\/pages\/1816","targetHints":{"allow":["GET"]}}],"collection":[{"href":"https:\/\/circellll.com\/es\/wp-json\/wp\/v2\/pages"}],"about":[{"href":"https:\/\/circellll.com\/es\/wp-json\/wp\/v2\/types\/page"}],"author":[{"embeddable":true,"href":"https:\/\/circellll.com\/es\/wp-json\/wp\/v2\/users\/1"}],"replies":[{"embeddable":true,"href":"https:\/\/circellll.com\/es\/wp-json\/wp\/v2\/comments?post=1816"}],"version-history":[{"count":1,"href":"https:\/\/circellll.com\/es\/wp-json\/wp\/v2\/pages\/1816\/revisions"}],"predecessor-version":[{"id":1817,"href":"https:\/\/circellll.com\/es\/wp-json\/wp\/v2\/pages\/1816\/revisions\/1817"}],"wp:attachment":[{"href":"https:\/\/circellll.com\/es\/wp-json\/wp\/v2\/media?parent=1816"}],"curies":[{"name":"wp","href":"https:\/\/api.w.org\/{rel}","templated":true}]}}