{"id":1826,"date":"2025-11-16T17:09:59","date_gmt":"2025-11-16T16:09:59","guid":{"rendered":"https:\/\/circellll.com\/politica-de-cookies\/"},"modified":"2025-11-17T16:33:11","modified_gmt":"2025-11-17T15:33:11","slug":"politica-de-cookies","status":"publish","type":"page","link":"https:\/\/circellll.com\/es\/politica-de-cookies\/","title":{"rendered":"Pol\u00edtica de cookies"},"content":{"rendered":"\n<h3 class=\"wp-block-heading\"><strong>INFORMACI\u00d3N SOBRE LAS COOKIES<\/strong><\/h3>\n\n<p>De acuerdo con la <strong>Ley 34\/2002, de 11 de julio<\/strong>, de Servicios de la Sociedad de la Informaci\u00f3n y de Comercio Electr\u00f3nico (<strong>LSSI<\/strong>), en relaci\u00f3n con el <strong>Reglamento (UE) 2016\/679<\/strong> del Parlamento Europeo y del Consejo, de 27 de abril de 2016 (<strong>GDPR<\/strong>) y la<strong> Ley Org\u00e1nica 3\/20<\/strong> Derechos Digitales (<strong>LOPDGDD<\/strong>), es obligatorio obtener el <strong>consentimiento expreso del usuario<\/strong> de todas las p\u00e1ginas web que utilizan cookies no necesarias, antes de que \u00e9ste empiece a navegar por \u00e9l.<\/p>\n\n<h3 class=\"wp-block-heading\"><strong>\u00bfQU\u00c9 SON LAS COOKIES?<\/strong><\/h3>\n\n<p>Las cookies y otras tecnolog\u00edas similares como por ejemplo <strong>local shared objects<\/strong>, <strong>flash cookies<\/strong> o <strong>p\u00edxeles<\/strong>, son herramientas utilizadas por los servidores web para almacenar y recuperar informaci\u00f3n sobre los visitantes, as\u00ed como para asegurar el correcto funcionamiento del sitio web.<\/p>\n\n<p>Mediante el uso de estos dispositivos, el servidor web puede recordar determinados datos relativos al usuario, como sus preferencias de visualizaci\u00f3n, datos de inicio de sesi\u00f3n, productos o servicios m\u00e1s consultados, etc.<\/p>\n\n<h3 class=\"wp-block-heading\"><strong>COOKIES AFECTADAS POR LA NORMATIVA Y COOKIES EXCEPTUADAS<\/strong><\/h3>\n\n<p>Seg\u00fan la directiva de la Uni\u00f3n Europea, las cookies que requieren el consentimiento informado del usuario son las <strong>cookies de an\u00e1lisis<\/strong>, <strong>publicitarias<\/strong> y de <strong>afiliaci\u00f3n<\/strong>, mientras que quedan <strong>exentas<\/strong> las cookies <strong>t\u00e9cnicas<\/strong> y las <strong>necesarias<\/strong> para el funcionamiento del sitio web o para la prestaci\u00f3n de servicios solicitados expresamente por el usuario.<\/p>\n\n<h3 class=\"wp-block-heading\"><strong>TIPOS DE COOKIES<\/strong><\/h3>\n\n<h4 class=\"wp-block-heading\"><strong>SEG\u00daN LA FINALIDAD<\/strong><\/h4>\n\n<ul class=\"wp-block-list\">\n<li><strong>Cookies t\u00e9cnicas y funcionales<\/strong>: permiten al usuario la navegaci\u00f3n y uso de las diferentes opciones o servicios del sitio web.<\/li>\n\n\n\n<li><strong>Cookies anal\u00edticas:<\/strong> permiten al responsable realizar el seguimiento y an\u00e1lisis del comportamiento de los usuarios en el sitio web, midiendo la actividad y elaborando perfiles de navegaci\u00f3n para mejorar el servicio.<\/li>\n\n\n\n<li><strong>Cookies publicitarias:<\/strong> gestionan de la forma m\u00e1s eficaz posible los espacios publicitarios, seg\u00fan criterios como el contenido o la frecuencia de los anuncios.<\/li>\n\n\n\n<li><strong>Cookies de publicidad comportamental:<\/strong> recogen informaci\u00f3n sobre las preferencias y elecciones personales del usuario (retargeting) para mostrar publicidad adaptada.<\/li>\n\n\n\n<li><strong>Cookies sociales:<\/strong> establecidas por plataformas de redes sociales para permitir compartir contenido o realizar seguimiento de actividad fuera del sitio web.<\/li>\n\n\n\n<li><strong>Cookies de afiliados:<\/strong> permiten realizar el seguimiento de visitas provenientes de otras webs con las que existe un contrato de afiliaci\u00f3n.<\/li>\n\n\n\n<li><strong>Cookies de seguridad:<\/strong> almacenan informaci\u00f3n cifrada para evitar accesos no autorizados o ataques maliciosos.<\/li>\n<\/ul>\n\n<h4 class=\"wp-block-heading\"><strong>SEG\u00daN LA PROPIEDAD<\/strong><\/h4>\n\n<ul class=\"wp-block-list\">\n<li><strong>Cookies propias:<\/strong> enviadas al dispositivo del usuario desde un dominio gestionado por el propio editor del sitio web.<\/li>\n\n\n\n<li><strong>Cookies de terceros:<\/strong> enviadas desde un dominio gestionado por otra entidad que trata los datos obtenidos a trav\u00e9s de cookies.<\/li>\n<\/ul>\n\n<h4 class=\"wp-block-heading\"><strong>SEG\u00daN EL PLAZO DE CONSERVACI\u00d3N<\/strong><\/h4>\n\n<ul class=\"wp-block-list\">\n<li><strong>Cookies de sesi\u00f3n:<\/strong> recogen y almacenan datos mientras el usuario accede al sitio web.<\/li>\n\n\n\n<li><strong>Cookies persistentes:<\/strong> mantienen los datos en el dispositivo durante un per\u00edodo determinado por el responsable (puede ir de minutos a a\u00f1os).<\/li>\n<\/ul>\n\n<h3 class=\"wp-block-heading\"><strong>TRATAMIENTO DE DATOS PERSONALES<\/strong><\/h3>\n\n<p><strong>Jordi Mateu Morat\u00f3<\/strong> es el <strong>responsable del tratamiento<\/strong> de los datos personales del interesado e informa que estos ser\u00e1n tratados conforme al <strong>Reglamento (UE) 2016\/679 (GDPR)<\/strong>, y facilita la siguiente informaci\u00f3n:<\/p>\n\n<ul class=\"wp-block-list\">\n<li><strong>Finalidad del tratamiento:<\/strong> seg\u00fan se indica en el apartado de cookies utilizadas en este sitio web.<\/li>\n\n\n\n<li><strong>Legitimaci\u00f3n del tratamiento: <\/strong>salvo en los casos en que sea necesario para la navegaci\u00f3n, se basa en el <strong>consentimiento del interesado <\/strong>(art. 6.1.a GDPR).<\/li>\n\n\n\n<li><strong>Criterios de conservaci\u00f3n: <\/strong>seg\u00fan se especifica en el apartado correspondiente a las cookies utilizadas.<\/li>\n\n\n\n<li><strong>Comunicaci\u00f3n de datos:<\/strong> no se comunicar\u00e1n a terceros, salvo en cookies de terceros o por obligaci\u00f3n legal.<\/li>\n<\/ul>\n\n<p><strong>Derechos del interesado:<\/strong><\/p>\n\n<ul class=\"wp-block-list\">\n<li>Derecho a <strong>retirar su consentimiento<\/strong> en cualquier momento.<\/li>\n\n\n\n<li>Derecho de <strong>acceso, rectificaci\u00f3n, portabilidad<\/strong> y supresi\u00f3n de sus datos, y de <strong>limitaci\u00f3n u oposici\u00f3n<\/strong> al tratamiento.<\/li>\n\n\n\n<li>Derecho a <strong>presentar reclamaci\u00f3n<\/strong> ante la Autoridad de Control (<a href=\"http:\/\/www.aepd.es\" target=\"_blank\" rel=\"noopener\">www.aepd.es<\/a>) si considera que el tratamiento no se ajusta a la normativa vigente.<\/li>\n<\/ul>\n\n<p><strong>Datos de contacto para ejercer los derechos:<\/strong><br\/>Jordi Mateu Morat\u00f3<br\/>C\/ La Palma, 5<br\/>08730 Santa Margarita y los Monjes (Barcelona)<br\/>hola@circellll.com<\/p>\n\n<h4 class=\"wp-block-heading\"><strong>COOKIES CONTROLADAS POR EL RESPONSABLE<\/strong><\/h4>\n\n<p>[wcc_category_list]<br\/><\/p>\n\n<h3 class=\"wp-block-heading\"><strong>PROVEEDORES EXTERNOS DE ESTE SITIO WEB<\/strong><\/h3>\n\n<figure class=\"wp-block-table\"><table class=\"has-fixed-layout\"><thead><tr><th>Proveedor<\/th><th>Pol\u00edtica de privacidad<\/th><\/tr><\/thead><tbody><tr><td>Google Analytics<\/td><td><a href=\"https:\/\/privacy.google.com\/take-control.html\" target=\"_blank\" rel=\"noopener\">https:\/\/privacy.google.com\/take-control.html<\/a><\/td><\/tr><tr><td>Google<\/td><td><a href=\"https:\/\/safety.google\/privacy\/privacy-controls\/\" target=\"_blank\" rel=\"noopener\">https:\/\/safety.google\/privacy\/privacy-controls\/<\/a><\/td><\/tr><\/tbody><\/table><\/figure>\n\n<h3 class=\"wp-block-heading\"><strong>C\u00d3MO GESTIONAR LAS COOKIES DESDE EL NAVEGADOR<\/strong><\/h3>\n\n<figure class=\"wp-block-table\"><table class=\"has-fixed-layout\"><thead><tr><th>M\u00e9todo<\/th><th>Descripci\u00f3n<\/th><\/tr><\/thead><tbody><tr><td><strong>Eliminar las cookies del dispositivo<\/strong><\/td><td>Puedes eliminarlas borrando el historial del navegador; esto puede comportar la p\u00e9rdida de informaci\u00f3n guardada (como inicio de sesi\u00f3n o preferencias).<\/td><\/tr><tr><td><strong>Gestionar cookies espec\u00edficas del sitio<\/strong><\/td><td>Puedes ajustar la configuraci\u00f3n de privacidad del navegador para controlar las cookies de cada sitio web.<\/td><\/tr><tr><td><strong>Bloquear cookies<\/strong><\/td><td>Puedes configurar el navegador para evitar su instalaci\u00f3n, aunque esto puede afectar al funcionamiento de algunos servicios.<\/td><\/tr><\/tbody><\/table><\/figure>\n\n<h3 class=\"wp-block-heading\"><strong>C\u00d3MO ELIMINAR LAS COOKIES DE LOS NAVEGADORES M\u00c1S COMUNES<\/strong><\/h3>\n\n<figure class=\"wp-block-table\"><table class=\"has-fixed-layout\"><thead><tr><th>Navegador<\/th><th>Instrucciones<\/th><\/tr><\/thead><tbody><tr><td>Chrome<\/td><td><a>https:\/\/support.google.com\/chrome\/answer\/95647?hl=ca<\/a><\/td><\/tr><tr><td>Edge<\/td><td><a href=\"https:\/\/support.microsoft.com\/es-es\/microsoft-edge\/eliminar-las-cookies-en-microsoft-edge-63947406\" target=\"_blank\" rel=\"noopener\">https:\/\/support.microsoft.com\/es-es\/microsoft-edge\/eliminar-las-cookies-en-microsoft-edge-63947406<\/a><\/td><\/tr><tr><td>Firefox<\/td><td><a>https:\/\/www.mozilla.org\/ca\/privacy\/websites\/#cookies<\/a><\/td><\/tr><tr><td>Safari<\/td><td><a>https:\/\/support.apple.com\/ca-es\/guide\/safari\/sfri11471\/mac<\/a><\/td><\/tr><tr><td>Opera<\/td><td><a href=\"https:\/\/help.opera.com\/en\/latest\/security-and-privacy\/#clearBrowsingData\" target=\"_blank\" rel=\"noopener\">https:\/\/help.opera.com\/en\/latest\/security-and-privacy\/#clearBrowsingData<\/a><\/td><\/tr><\/tbody><\/table><\/figure>\n","protected":false},"excerpt":{"rendered":"<p>INFORMACI\u00d3N SOBRE LAS COOKIES De acuerdo con la Ley 34\/2002, de 11 de julio, de Servicios de la Sociedad de la Informaci\u00f3n y de Comercio Electr\u00f3nico (LSSI), en relaci\u00f3n con el Reglamento (UE) 2016\/679 del Parlamento Europeo y del Consejo, de 27 de abril de 2016 (GDPR) y la Ley Org\u00e1nica 3\/20 Derechos Digitales (LOPDGDD), [&hellip;]<\/p>\n","protected":false},"author":1,"featured_media":0,"parent":0,"menu_order":0,"comment_status":"closed","ping_status":"closed","template":"","meta":{"_et_pb_use_builder":"off","_et_pb_old_content":"","_et_gb_content_width":"","footnotes":""},"class_list":["post-1826","page","type-page","status-publish","hentry"],"_links":{"self":[{"href":"https:\/\/circellll.com\/es\/wp-json\/wp\/v2\/pages\/1826","targetHints":{"allow":["GET"]}}],"collection":[{"href":"https:\/\/circellll.com\/es\/wp-json\/wp\/v2\/pages"}],"about":[{"href":"https:\/\/circellll.com\/es\/wp-json\/wp\/v2\/types\/page"}],"author":[{"embeddable":true,"href":"https:\/\/circellll.com\/es\/wp-json\/wp\/v2\/users\/1"}],"replies":[{"embeddable":true,"href":"https:\/\/circellll.com\/es\/wp-json\/wp\/v2\/comments?post=1826"}],"version-history":[{"count":1,"href":"https:\/\/circellll.com\/es\/wp-json\/wp\/v2\/pages\/1826\/revisions"}],"predecessor-version":[{"id":1827,"href":"https:\/\/circellll.com\/es\/wp-json\/wp\/v2\/pages\/1826\/revisions\/1827"}],"wp:attachment":[{"href":"https:\/\/circellll.com\/es\/wp-json\/wp\/v2\/media?parent=1826"}],"curies":[{"name":"wp","href":"https:\/\/api.w.org\/{rel}","templated":true}]}}